{"id":2,"date":"2016-12-22T02:23:39","date_gmt":"2016-12-22T02:23:39","guid":{"rendered":"http:\/\/localhost:8000\/wordpress\/?page_id=2"},"modified":"2017-04-26T15:41:56","modified_gmt":"2017-04-26T15:41:56","slug":"home","status":"publish","type":"page","link":"https:\/\/maler-liphardt.de\/","title":{"rendered":"Home"},"content":{"rendered":"<h1 style=\"text-align: center;\"><img loading=\"lazy\" decoding=\"async\" class=\"panorama alignnone\" title=\"Liphardt Ihr Maler von hier\" src=\"http:\/\/www.maler-liphardt.de\/wp-content\/uploads\/2016\/12\/Liphardt_Titelbild-1024x287.png\" alt=\"\" width=\"1024\" height=\"287\" \/><\/h1>\n<h2 style=\"text-align: center;\">In der Region zwischen Kassel und Eschwege, Melsungen und Witzenhausen sind wir seit 1995 mit unserem handwerklichen Fachbetrieb f\u00fcr Sie da. Wir streichen an und malen aus, lackieren und beschichten alles am und im Haus.<\/h2>\n<h2 style=\"text-align: center;\"><\/h2>\n<h2 style=\"text-align: center;\">Zu unserem Angebotsspektrum geh\u00f6ren:<\/h2>\n<div class=\"service-plus\"><a href=\"http:\/\/www.maler-liphardt.de\/?page_id=32\"><img loading=\"lazy\" decoding=\"async\" class=\"service-plus alignnone\" title=\"Malerarbeiten mit Service-Plus\" src=\"http:\/\/www.maler-liphardt.de\/wp-content\/uploads\/2017\/01\/Service-Plus-1024x440.png\" alt=\"\" width=\"1024\" height=\"440\" \/><\/a><\/div>\n<ul class=\"angebot\" style=\"text-align: center;\">\n<li style=\"text-align: left;\"><a href=\"http:\/\/www.maler-liphardt.de\/?page_id=148\">Fassaden (auch Fachwerk)<\/a><\/li>\n<li style=\"text-align: left;\"><a href=\"http:\/\/www.maler-liphardt.de\/?page_id=150\">Gestaltungen im Innenraum mit Lehm- und Baumwollputzen<\/a><\/li>\n<li style=\"text-align: left;\"><a href=\"http:\/\/www.maler-liphardt.de\/?page_id=152\">W\u00e4rmed\u00e4mmung<\/a><\/li>\n<\/ul>\n<h2 style=\"text-align: center;\">Mit unserem eigenen Ger\u00fcst k\u00f6nnen wir auf Ihre Erfordernisse eingehen.<\/h2>\n<h2 style=\"text-align: center;\">Wir freuen uns auf Ihren Anruf oder Ihre E-Mail zur Vereinbarung eines<br \/>\nInformations- und Beratungstermins.<\/h2>\n<h2 style=\"text-align: center;\">Manfred Liphardt besucht Sie gern und bespricht mit Ihnen Ihre Vorstellungen.<\/h2>\n<h2 style=\"text-align: center;\">Er \u00fcbernimmt die Planung und Koordinierung der Arbeitsabl\u00e4ufe, aber er l\u00e4sst es sich nicht nehmen, t\u00e4glich selbst Hand anzulegen und vor Ort an der Baustelle zu sein.<\/h2>\n<h1 class=\"winter\" style=\"text-align: center;\"><span class=\"winter\">*** Im Winter zum besonderen Winterpreis ***<\/span><\/h1>\n<h2 style=\"text-align: center;\">In den Monaten November bis M\u00e4rz bieten wir\u00a0<strong>Service Plus\u00a0<\/strong>zum besonders g\u00fcnstigen Winterpreis an.<\/h2>\n<p style=\"text-align: center;\"><img loading=\"lazy\" decoding=\"async\" class=\"alignnone wp-image-476 size-full\" title=\"Malerb\u00e4r Winterpreis\" src=\"http:\/\/maler-liphardt.de\/wp-content\/uploads\/2016\/12\/Malerbaer.png\" alt=\"\" width=\"946\" height=\"677\" srcset=\"https:\/\/maler-liphardt.de\/wp-content\/uploads\/2016\/12\/Malerbaer.png 946w, https:\/\/maler-liphardt.de\/wp-content\/uploads\/2016\/12\/Malerbaer-300x215.png 300w, https:\/\/maler-liphardt.de\/wp-content\/uploads\/2016\/12\/Malerbaer-768x550.png 768w\" sizes=\"auto, (max-width: 946px) 100vw, 946px\" \/><\/p>\n<h2 style=\"text-align: center;\"><\/h2>\n","protected":false},"excerpt":{"rendered":"<p>In der Region zwischen Kassel und Eschwege, Melsungen und Witzenhausen sind wir seit 1995 mit unserem handwerklichen Fachbetrieb f\u00fcr Sie da. Wir streichen an und malen aus, lackieren und beschichten alles am und im Haus. Zu unserem Angebotsspektrum geh\u00f6ren: Fassaden (auch Fachwerk) Gestaltungen im Innenraum mit Lehm- und Baumwollputzen W\u00e4rmed\u00e4mmung Mit unserem eigenen Ger\u00fcst k\u00f6nnen [&hellip;]<\/p>\n","protected":false},"author":1,"featured_media":0,"parent":0,"menu_order":0,"comment_status":"closed","ping_status":"open","template":"","meta":{"footnotes":""},"class_list":["post-2","page","type-page","status-publish","hentry"],"yoast_head":"<!-- This site is optimized with the Yoast SEO plugin v24.5 - https:\/\/yoast.com\/wordpress\/plugins\/seo\/ -->\n<title>Herzlich Wilkommen bei Malermeister Manfred Liphardt<\/title>\n<meta name=\"description\" content=\"Wir streichen an und malen aus, lackieren und beschichten alles am und im Haus.\" \/>\n<meta name=\"robots\" content=\"index, follow, max-snippet:-1, max-image-preview:large, max-video-preview:-1\" \/>\n<link rel=\"canonical\" href=\"https:\/\/maler-liphardt.de\/\" \/>\n<meta property=\"og:locale\" content=\"en_US\" \/>\n<meta property=\"og:type\" content=\"article\" \/>\n<meta property=\"og:title\" content=\"Herzlich Wilkommen bei Malermeister Manfred Liphardt\" \/>\n<meta property=\"og:description\" content=\"Wir streichen an und malen aus, lackieren und beschichten alles am und im Haus.\" \/>\n<meta property=\"og:url\" content=\"https:\/\/maler-liphardt.de\/\" \/>\n<meta property=\"og:site_name\" content=\"Malermeister Manfred Liphardt\" \/>\n<meta property=\"article:modified_time\" content=\"2017-04-26T15:41:56+00:00\" \/>\n<meta property=\"og:image\" content=\"http:\/\/www.maler-liphardt.de\/wp-content\/uploads\/2016\/12\/Liphardt_Titelbild-1024x287.png\" \/>\n<meta name=\"twitter:card\" content=\"summary_large_image\" \/>\n<meta name=\"twitter:label1\" content=\"Est. reading time\" \/>\n\t<meta name=\"twitter:data1\" content=\"1 minute\" \/>\n<script type=\"application\/ld+json\" class=\"yoast-schema-graph\">{\"@context\":\"https:\/\/schema.org\",\"@graph\":[{\"@type\":\"WebPage\",\"@id\":\"https:\/\/maler-liphardt.de\/\",\"url\":\"https:\/\/maler-liphardt.de\/\",\"name\":\"Herzlich Wilkommen bei Malermeister Manfred Liphardt\",\"isPartOf\":{\"@id\":\"https:\/\/maler-liphardt.de\/#website\"},\"primaryImageOfPage\":{\"@id\":\"https:\/\/maler-liphardt.de\/#primaryimage\"},\"image\":{\"@id\":\"https:\/\/maler-liphardt.de\/#primaryimage\"},\"thumbnailUrl\":\"http:\/\/www.maler-liphardt.de\/wp-content\/uploads\/2016\/12\/Liphardt_Titelbild-1024x287.png\",\"datePublished\":\"2016-12-22T02:23:39+00:00\",\"dateModified\":\"2017-04-26T15:41:56+00:00\",\"description\":\"Wir streichen an und malen aus, lackieren und beschichten alles am und im Haus.\",\"breadcrumb\":{\"@id\":\"https:\/\/maler-liphardt.de\/#breadcrumb\"},\"inLanguage\":\"en-US\",\"potentialAction\":[{\"@type\":\"ReadAction\",\"target\":[\"https:\/\/maler-liphardt.de\/\"]}]},{\"@type\":\"ImageObject\",\"inLanguage\":\"en-US\",\"@id\":\"https:\/\/maler-liphardt.de\/#primaryimage\",\"url\":\"http:\/\/www.maler-liphardt.de\/wp-content\/uploads\/2016\/12\/Liphardt_Titelbild-1024x287.png\",\"contentUrl\":\"http:\/\/www.maler-liphardt.de\/wp-content\/uploads\/2016\/12\/Liphardt_Titelbild-1024x287.png\"},{\"@type\":\"BreadcrumbList\",\"@id\":\"https:\/\/maler-liphardt.de\/#breadcrumb\",\"itemListElement\":[{\"@type\":\"ListItem\",\"position\":1,\"name\":\"Home\",\"item\":\"https:\/\/maler-liphardt.de\/\"},{\"@type\":\"ListItem\",\"position\":2,\"name\":\"Home\"}]},{\"@type\":\"WebSite\",\"@id\":\"https:\/\/maler-liphardt.de\/#website\",\"url\":\"https:\/\/maler-liphardt.de\/\",\"name\":\"Malermeister Manfred Liphardt\",\"description\":\"\",\"publisher\":{\"@id\":\"https:\/\/maler-liphardt.de\/#organization\"},\"potentialAction\":[{\"@type\":\"SearchAction\",\"target\":{\"@type\":\"EntryPoint\",\"urlTemplate\":\"https:\/\/maler-liphardt.de\/?s={search_term_string}\"},\"query-input\":{\"@type\":\"PropertyValueSpecification\",\"valueRequired\":true,\"valueName\":\"search_term_string\"}}],\"inLanguage\":\"en-US\"},{\"@type\":\"Organization\",\"@id\":\"https:\/\/maler-liphardt.de\/#organization\",\"name\":\"Malermeister Manfred Liphardt\",\"url\":\"https:\/\/maler-liphardt.de\/\",\"logo\":{\"@type\":\"ImageObject\",\"inLanguage\":\"en-US\",\"@id\":\"https:\/\/maler-liphardt.de\/#\/schema\/logo\/image\/\",\"url\":\"https:\/\/maler-liphardt.de\/wp-content\/uploads\/2017\/01\/Liphardt-Logo-03-1.png\",\"contentUrl\":\"https:\/\/maler-liphardt.de\/wp-content\/uploads\/2017\/01\/Liphardt-Logo-03-1.png\",\"width\":1890,\"height\":1181,\"caption\":\"Malermeister Manfred Liphardt\"},\"image\":{\"@id\":\"https:\/\/maler-liphardt.de\/#\/schema\/logo\/image\/\"}}]}<\/script>\n<!-- \/ Yoast SEO plugin. -->","yoast_head_json":{"title":"Herzlich Wilkommen bei Malermeister Manfred Liphardt","description":"Wir streichen an und malen aus, lackieren und beschichten alles am und im Haus.","robots":{"index":"index","follow":"follow","max-snippet":"max-snippet:-1","max-image-preview":"max-image-preview:large","max-video-preview":"max-video-preview:-1"},"canonical":"https:\/\/maler-liphardt.de\/","og_locale":"en_US","og_type":"article","og_title":"Herzlich Wilkommen bei Malermeister Manfred Liphardt","og_description":"Wir streichen an und malen aus, lackieren und beschichten alles am und im Haus.","og_url":"https:\/\/maler-liphardt.de\/","og_site_name":"Malermeister Manfred Liphardt","article_modified_time":"2017-04-26T15:41:56+00:00","og_image":[{"url":"http:\/\/www.maler-liphardt.de\/wp-content\/uploads\/2016\/12\/Liphardt_Titelbild-1024x287.png","type":"","width":"","height":""}],"twitter_card":"summary_large_image","twitter_misc":{"Est. reading time":"1 minute"},"schema":{"@context":"https:\/\/schema.org","@graph":[{"@type":"WebPage","@id":"https:\/\/maler-liphardt.de\/","url":"https:\/\/maler-liphardt.de\/","name":"Herzlich Wilkommen bei Malermeister Manfred Liphardt","isPartOf":{"@id":"https:\/\/maler-liphardt.de\/#website"},"primaryImageOfPage":{"@id":"https:\/\/maler-liphardt.de\/#primaryimage"},"image":{"@id":"https:\/\/maler-liphardt.de\/#primaryimage"},"thumbnailUrl":"http:\/\/www.maler-liphardt.de\/wp-content\/uploads\/2016\/12\/Liphardt_Titelbild-1024x287.png","datePublished":"2016-12-22T02:23:39+00:00","dateModified":"2017-04-26T15:41:56+00:00","description":"Wir streichen an und malen aus, lackieren und beschichten alles am und im Haus.","breadcrumb":{"@id":"https:\/\/maler-liphardt.de\/#breadcrumb"},"inLanguage":"en-US","potentialAction":[{"@type":"ReadAction","target":["https:\/\/maler-liphardt.de\/"]}]},{"@type":"ImageObject","inLanguage":"en-US","@id":"https:\/\/maler-liphardt.de\/#primaryimage","url":"http:\/\/www.maler-liphardt.de\/wp-content\/uploads\/2016\/12\/Liphardt_Titelbild-1024x287.png","contentUrl":"http:\/\/www.maler-liphardt.de\/wp-content\/uploads\/2016\/12\/Liphardt_Titelbild-1024x287.png"},{"@type":"BreadcrumbList","@id":"https:\/\/maler-liphardt.de\/#breadcrumb","itemListElement":[{"@type":"ListItem","position":1,"name":"Home","item":"https:\/\/maler-liphardt.de\/"},{"@type":"ListItem","position":2,"name":"Home"}]},{"@type":"WebSite","@id":"https:\/\/maler-liphardt.de\/#website","url":"https:\/\/maler-liphardt.de\/","name":"Malermeister Manfred Liphardt","description":"","publisher":{"@id":"https:\/\/maler-liphardt.de\/#organization"},"potentialAction":[{"@type":"SearchAction","target":{"@type":"EntryPoint","urlTemplate":"https:\/\/maler-liphardt.de\/?s={search_term_string}"},"query-input":{"@type":"PropertyValueSpecification","valueRequired":true,"valueName":"search_term_string"}}],"inLanguage":"en-US"},{"@type":"Organization","@id":"https:\/\/maler-liphardt.de\/#organization","name":"Malermeister Manfred Liphardt","url":"https:\/\/maler-liphardt.de\/","logo":{"@type":"ImageObject","inLanguage":"en-US","@id":"https:\/\/maler-liphardt.de\/#\/schema\/logo\/image\/","url":"https:\/\/maler-liphardt.de\/wp-content\/uploads\/2017\/01\/Liphardt-Logo-03-1.png","contentUrl":"https:\/\/maler-liphardt.de\/wp-content\/uploads\/2017\/01\/Liphardt-Logo-03-1.png","width":1890,"height":1181,"caption":"Malermeister Manfred Liphardt"},"image":{"@id":"https:\/\/maler-liphardt.de\/#\/schema\/logo\/image\/"}}]}},"_links":{"self":[{"href":"https:\/\/maler-liphardt.de\/index.php?rest_route=\/wp\/v2\/pages\/2","targetHints":{"allow":["GET"]}}],"collection":[{"href":"https:\/\/maler-liphardt.de\/index.php?rest_route=\/wp\/v2\/pages"}],"about":[{"href":"https:\/\/maler-liphardt.de\/index.php?rest_route=\/wp\/v2\/types\/page"}],"author":[{"embeddable":true,"href":"https:\/\/maler-liphardt.de\/index.php?rest_route=\/wp\/v2\/users\/1"}],"replies":[{"embeddable":true,"href":"https:\/\/maler-liphardt.de\/index.php?rest_route=%2Fwp%2Fv2%2Fcomments&post=2"}],"version-history":[{"count":87,"href":"https:\/\/maler-liphardt.de\/index.php?rest_route=\/wp\/v2\/pages\/2\/revisions"}],"predecessor-version":[{"id":532,"href":"https:\/\/maler-liphardt.de\/index.php?rest_route=\/wp\/v2\/pages\/2\/revisions\/532"}],"wp:attachment":[{"href":"https:\/\/maler-liphardt.de\/index.php?rest_route=%2Fwp%2Fv2%2Fmedia&parent=2"}],"curies":[{"name":"wp","href":"https:\/\/api.w.org\/{rel}","templated":true}]}}