{"id":150,"date":"2017-02-20T11:19:13","date_gmt":"2017-02-20T11:19:13","guid":{"rendered":"http:\/\/localhost:8000\/wordpress\/?page_id=150"},"modified":"2017-04-24T20:27:32","modified_gmt":"2017-04-24T20:27:32","slug":"innenraumgestaltung","status":"publish","type":"page","link":"https:\/\/maler-liphardt.de\/?page_id=150","title":{"rendered":"Innenraumgestaltung"},"content":{"rendered":"<h1 style=\"text-align: center;\">Ihre Wohnr\u00e4ume noch wohnlicher machen &#8211; das ist unser Anspruch.<\/h1>\n<p style=\"text-align: center;\"><img loading=\"lazy\" decoding=\"async\" class=\"alignnone wp-image-351\" src=\"http:\/\/www.maler-liphardt.de\/wp-content\/uploads\/2017\/02\/6.jpg\" alt=\"\" width=\"450\" height=\"600\" srcset=\"https:\/\/maler-liphardt.de\/wp-content\/uploads\/2017\/02\/6.jpg 576w, https:\/\/maler-liphardt.de\/wp-content\/uploads\/2017\/02\/6-225x300.jpg 225w\" sizes=\"auto, (max-width: 450px) 100vw, 450px\" \/> <img loading=\"lazy\" decoding=\"async\" class=\"alignnone wp-image-350\" src=\"http:\/\/www.maler-liphardt.de\/wp-content\/uploads\/2017\/02\/5.jpg\" alt=\"\" width=\"450\" height=\"600\" srcset=\"https:\/\/maler-liphardt.de\/wp-content\/uploads\/2017\/02\/5.jpg 576w, https:\/\/maler-liphardt.de\/wp-content\/uploads\/2017\/02\/5-225x300.jpg 225w\" sizes=\"auto, (max-width: 450px) 100vw, 450px\" \/><\/p>\n<h2 style=\"text-align: center;\">Ein Umbau, neue M\u00f6bel &#8211; Anl\u00e4sse f\u00fcr eine Neugestaltung Ihrer Wohnr\u00e4ume gibt es viele. Aber f\u00fcr welches Material, f\u00fcr welche Farben soll man sich entscheiden?<\/h2>\n<h2 style=\"text-align: center;\">Eine Tapete aussuchen oder doch mal was Neues ausprobieren? Wir tapezieren und streichen an, aber wir f\u00fchren auch kreative Gestaltungen mit Lehmputz oder mit Baumwollputz aus.<\/h2>\n<h2 style=\"text-align: center;\">Der Lehmputz Capriccio der Firma <a href=\"https:\/\/www.lesando.de\/\">Lesando<\/a> bietet eine riesengro\u00dfe Vielfalt an Farben und Strukturen.<\/h2>\n<p style=\"text-align: center;\"><img loading=\"lazy\" decoding=\"async\" class=\"alignnone wp-image-349\" src=\"http:\/\/www.maler-liphardt.de\/wp-content\/uploads\/2017\/02\/7-1024x768.jpg\" alt=\"\" width=\"600\" height=\"450\" srcset=\"https:\/\/maler-liphardt.de\/wp-content\/uploads\/2017\/02\/7.jpg 1024w, https:\/\/maler-liphardt.de\/wp-content\/uploads\/2017\/02\/7-300x225.jpg 300w, https:\/\/maler-liphardt.de\/wp-content\/uploads\/2017\/02\/7-768x576.jpg 768w\" sizes=\"auto, (max-width: 600px) 100vw, 600px\" \/><\/p>\n<h2 style=\"text-align: center;\">Lehmputz ist alles andere als langweilig: Alle Farbw\u00fcnsche k\u00f6nnen erf\u00fcllt werden und unterschiedliche Strukturen erm\u00f6glichen eine individuelle Gestaltung nach Ihrem Geschmack und Ihrer<br \/>\nWohnsituation.<\/h2>\n<h2 style=\"text-align: center;\">Die Natur-Wandbeschichtung Sajade von <a href=\"http:\/\/www.jadecor.de\/cms\/produkte\/sajade-baumwolle.html\">JaDecor<\/a> ist aus Baumwolle und \u00fcberzeugt gleicherma\u00dfen mit wohngesunden Eigenschaften und zahlreichen Dekoren.<\/h2>\n<h2 style=\"text-align: center;\">Unsere Kunden best\u00e4tigen uns, dass mit Sajade beschichtete W\u00e4nde Behaglichkeit ausstrahlen und die R\u00e4ume optisch aufwerten.<\/h2>\n<p style=\"text-align: center;\"><img loading=\"lazy\" decoding=\"async\" class=\"alignnone wp-image-479\" src=\"http:\/\/www.maler-liphardt.de\/wp-content\/uploads\/2017\/02\/DSCN4622-SAJADE-Blumen-768x1024.jpg\" alt=\"\" width=\"500\" height=\"667\" srcset=\"https:\/\/maler-liphardt.de\/wp-content\/uploads\/2017\/02\/DSCN4622-SAJADE-Blumen-768x1024.jpg 768w, https:\/\/maler-liphardt.de\/wp-content\/uploads\/2017\/02\/DSCN4622-SAJADE-Blumen-225x300.jpg 225w\" sizes=\"auto, (max-width: 500px) 100vw, 500px\" \/><\/p>\n<p>&nbsp;<\/p>\n<h2 style=\"text-align: center;\">Wir beziehen das Material von der Firma <a href=\"http:\/\/www.jadecor.de\/cms\/produkte\/sajade-baumwolle.html\">JaDecor<\/a>, von dem Unternehmen, die das Material in den 70er Jahren entwickelte und seither in baubiologischer Qualit\u00e4t liefert.<\/h2>\n","protected":false},"excerpt":{"rendered":"<p>Ihre Wohnr\u00e4ume noch wohnlicher machen &#8211; das ist unser Anspruch. Ein Umbau, neue M\u00f6bel &#8211; Anl\u00e4sse f\u00fcr eine Neugestaltung Ihrer Wohnr\u00e4ume gibt es viele. Aber f\u00fcr welches Material, f\u00fcr welche Farben soll man sich entscheiden? Eine Tapete aussuchen oder doch mal was Neues ausprobieren? Wir tapezieren und streichen an, aber wir f\u00fchren auch kreative Gestaltungen [&hellip;]<\/p>\n","protected":false},"author":1,"featured_media":0,"parent":0,"menu_order":0,"comment_status":"closed","ping_status":"closed","template":"","meta":{"footnotes":""},"class_list":["post-150","page","type-page","status-publish","hentry"],"yoast_head":"<!-- This site is optimized with the Yoast SEO plugin v24.5 - https:\/\/yoast.com\/wordpress\/plugins\/seo\/ -->\n<title>Innenraumgestaltung - Malermeister Manfred Liphardt<\/title>\n<meta name=\"description\" content=\"Ihre Wohnr\u00e4ume noch wohnlicher machen, das ist unser Anspruch! Lehmputz, Baumwollbeschichtung mit wohngesunden Eigenschaften und zahlreichen Dekoren.\" \/>\n<meta name=\"robots\" content=\"index, follow, max-snippet:-1, max-image-preview:large, max-video-preview:-1\" \/>\n<link rel=\"canonical\" href=\"http:\/\/maler-liphardt.de\/?page_id=150\" \/>\n<meta property=\"og:locale\" content=\"en_US\" \/>\n<meta property=\"og:type\" content=\"article\" \/>\n<meta property=\"og:title\" content=\"Innenraumgestaltung - Malermeister Manfred Liphardt\" \/>\n<meta property=\"og:description\" content=\"Ihre Wohnr\u00e4ume noch wohnlicher machen, das ist unser Anspruch! Lehmputz, Baumwollbeschichtung mit wohngesunden Eigenschaften und zahlreichen Dekoren.\" \/>\n<meta property=\"og:url\" content=\"http:\/\/maler-liphardt.de\/?page_id=150\" \/>\n<meta property=\"og:site_name\" content=\"Malermeister Manfred Liphardt\" \/>\n<meta property=\"article:modified_time\" content=\"2017-04-24T20:27:32+00:00\" \/>\n<meta property=\"og:image\" content=\"http:\/\/www.maler-liphardt.de\/wp-content\/uploads\/2017\/02\/6.jpg\" \/>\n<meta name=\"twitter:card\" content=\"summary_large_image\" \/>\n<meta name=\"twitter:label1\" content=\"Est. reading time\" \/>\n\t<meta name=\"twitter:data1\" content=\"1 minute\" \/>\n<script type=\"application\/ld+json\" class=\"yoast-schema-graph\">{\"@context\":\"https:\/\/schema.org\",\"@graph\":[{\"@type\":\"WebPage\",\"@id\":\"http:\/\/maler-liphardt.de\/?page_id=150\",\"url\":\"http:\/\/maler-liphardt.de\/?page_id=150\",\"name\":\"Innenraumgestaltung - Malermeister Manfred Liphardt\",\"isPartOf\":{\"@id\":\"https:\/\/maler-liphardt.de\/#website\"},\"primaryImageOfPage\":{\"@id\":\"http:\/\/maler-liphardt.de\/?page_id=150#primaryimage\"},\"image\":{\"@id\":\"http:\/\/maler-liphardt.de\/?page_id=150#primaryimage\"},\"thumbnailUrl\":\"http:\/\/www.maler-liphardt.de\/wp-content\/uploads\/2017\/02\/6.jpg\",\"datePublished\":\"2017-02-20T11:19:13+00:00\",\"dateModified\":\"2017-04-24T20:27:32+00:00\",\"description\":\"Ihre Wohnr\u00e4ume noch wohnlicher machen, das ist unser Anspruch! Lehmputz, Baumwollbeschichtung mit wohngesunden Eigenschaften und zahlreichen Dekoren.\",\"breadcrumb\":{\"@id\":\"http:\/\/maler-liphardt.de\/?page_id=150#breadcrumb\"},\"inLanguage\":\"en-US\",\"potentialAction\":[{\"@type\":\"ReadAction\",\"target\":[\"http:\/\/maler-liphardt.de\/?page_id=150\"]}]},{\"@type\":\"ImageObject\",\"inLanguage\":\"en-US\",\"@id\":\"http:\/\/maler-liphardt.de\/?page_id=150#primaryimage\",\"url\":\"http:\/\/www.maler-liphardt.de\/wp-content\/uploads\/2017\/02\/6.jpg\",\"contentUrl\":\"http:\/\/www.maler-liphardt.de\/wp-content\/uploads\/2017\/02\/6.jpg\"},{\"@type\":\"BreadcrumbList\",\"@id\":\"http:\/\/maler-liphardt.de\/?page_id=150#breadcrumb\",\"itemListElement\":[{\"@type\":\"ListItem\",\"position\":1,\"name\":\"Home\",\"item\":\"https:\/\/maler-liphardt.de\/\"},{\"@type\":\"ListItem\",\"position\":2,\"name\":\"Innenraumgestaltung\"}]},{\"@type\":\"WebSite\",\"@id\":\"https:\/\/maler-liphardt.de\/#website\",\"url\":\"https:\/\/maler-liphardt.de\/\",\"name\":\"Malermeister Manfred Liphardt\",\"description\":\"\",\"publisher\":{\"@id\":\"https:\/\/maler-liphardt.de\/#organization\"},\"potentialAction\":[{\"@type\":\"SearchAction\",\"target\":{\"@type\":\"EntryPoint\",\"urlTemplate\":\"https:\/\/maler-liphardt.de\/?s={search_term_string}\"},\"query-input\":{\"@type\":\"PropertyValueSpecification\",\"valueRequired\":true,\"valueName\":\"search_term_string\"}}],\"inLanguage\":\"en-US\"},{\"@type\":\"Organization\",\"@id\":\"https:\/\/maler-liphardt.de\/#organization\",\"name\":\"Malermeister Manfred Liphardt\",\"url\":\"https:\/\/maler-liphardt.de\/\",\"logo\":{\"@type\":\"ImageObject\",\"inLanguage\":\"en-US\",\"@id\":\"https:\/\/maler-liphardt.de\/#\/schema\/logo\/image\/\",\"url\":\"https:\/\/maler-liphardt.de\/wp-content\/uploads\/2017\/01\/Liphardt-Logo-03-1.png\",\"contentUrl\":\"https:\/\/maler-liphardt.de\/wp-content\/uploads\/2017\/01\/Liphardt-Logo-03-1.png\",\"width\":1890,\"height\":1181,\"caption\":\"Malermeister Manfred Liphardt\"},\"image\":{\"@id\":\"https:\/\/maler-liphardt.de\/#\/schema\/logo\/image\/\"}}]}<\/script>\n<!-- \/ Yoast SEO plugin. -->","yoast_head_json":{"title":"Innenraumgestaltung - Malermeister Manfred Liphardt","description":"Ihre Wohnr\u00e4ume noch wohnlicher machen, das ist unser Anspruch! Lehmputz, Baumwollbeschichtung mit wohngesunden Eigenschaften und zahlreichen Dekoren.","robots":{"index":"index","follow":"follow","max-snippet":"max-snippet:-1","max-image-preview":"max-image-preview:large","max-video-preview":"max-video-preview:-1"},"canonical":"http:\/\/maler-liphardt.de\/?page_id=150","og_locale":"en_US","og_type":"article","og_title":"Innenraumgestaltung - Malermeister Manfred Liphardt","og_description":"Ihre Wohnr\u00e4ume noch wohnlicher machen, das ist unser Anspruch! Lehmputz, Baumwollbeschichtung mit wohngesunden Eigenschaften und zahlreichen Dekoren.","og_url":"http:\/\/maler-liphardt.de\/?page_id=150","og_site_name":"Malermeister Manfred Liphardt","article_modified_time":"2017-04-24T20:27:32+00:00","og_image":[{"url":"http:\/\/www.maler-liphardt.de\/wp-content\/uploads\/2017\/02\/6.jpg","type":"","width":"","height":""}],"twitter_card":"summary_large_image","twitter_misc":{"Est. reading time":"1 minute"},"schema":{"@context":"https:\/\/schema.org","@graph":[{"@type":"WebPage","@id":"http:\/\/maler-liphardt.de\/?page_id=150","url":"http:\/\/maler-liphardt.de\/?page_id=150","name":"Innenraumgestaltung - Malermeister Manfred Liphardt","isPartOf":{"@id":"https:\/\/maler-liphardt.de\/#website"},"primaryImageOfPage":{"@id":"http:\/\/maler-liphardt.de\/?page_id=150#primaryimage"},"image":{"@id":"http:\/\/maler-liphardt.de\/?page_id=150#primaryimage"},"thumbnailUrl":"http:\/\/www.maler-liphardt.de\/wp-content\/uploads\/2017\/02\/6.jpg","datePublished":"2017-02-20T11:19:13+00:00","dateModified":"2017-04-24T20:27:32+00:00","description":"Ihre Wohnr\u00e4ume noch wohnlicher machen, das ist unser Anspruch! Lehmputz, Baumwollbeschichtung mit wohngesunden Eigenschaften und zahlreichen Dekoren.","breadcrumb":{"@id":"http:\/\/maler-liphardt.de\/?page_id=150#breadcrumb"},"inLanguage":"en-US","potentialAction":[{"@type":"ReadAction","target":["http:\/\/maler-liphardt.de\/?page_id=150"]}]},{"@type":"ImageObject","inLanguage":"en-US","@id":"http:\/\/maler-liphardt.de\/?page_id=150#primaryimage","url":"http:\/\/www.maler-liphardt.de\/wp-content\/uploads\/2017\/02\/6.jpg","contentUrl":"http:\/\/www.maler-liphardt.de\/wp-content\/uploads\/2017\/02\/6.jpg"},{"@type":"BreadcrumbList","@id":"http:\/\/maler-liphardt.de\/?page_id=150#breadcrumb","itemListElement":[{"@type":"ListItem","position":1,"name":"Home","item":"https:\/\/maler-liphardt.de\/"},{"@type":"ListItem","position":2,"name":"Innenraumgestaltung"}]},{"@type":"WebSite","@id":"https:\/\/maler-liphardt.de\/#website","url":"https:\/\/maler-liphardt.de\/","name":"Malermeister Manfred Liphardt","description":"","publisher":{"@id":"https:\/\/maler-liphardt.de\/#organization"},"potentialAction":[{"@type":"SearchAction","target":{"@type":"EntryPoint","urlTemplate":"https:\/\/maler-liphardt.de\/?s={search_term_string}"},"query-input":{"@type":"PropertyValueSpecification","valueRequired":true,"valueName":"search_term_string"}}],"inLanguage":"en-US"},{"@type":"Organization","@id":"https:\/\/maler-liphardt.de\/#organization","name":"Malermeister Manfred Liphardt","url":"https:\/\/maler-liphardt.de\/","logo":{"@type":"ImageObject","inLanguage":"en-US","@id":"https:\/\/maler-liphardt.de\/#\/schema\/logo\/image\/","url":"https:\/\/maler-liphardt.de\/wp-content\/uploads\/2017\/01\/Liphardt-Logo-03-1.png","contentUrl":"https:\/\/maler-liphardt.de\/wp-content\/uploads\/2017\/01\/Liphardt-Logo-03-1.png","width":1890,"height":1181,"caption":"Malermeister Manfred Liphardt"},"image":{"@id":"https:\/\/maler-liphardt.de\/#\/schema\/logo\/image\/"}}]}},"_links":{"self":[{"href":"https:\/\/maler-liphardt.de\/index.php?rest_route=\/wp\/v2\/pages\/150","targetHints":{"allow":["GET"]}}],"collection":[{"href":"https:\/\/maler-liphardt.de\/index.php?rest_route=\/wp\/v2\/pages"}],"about":[{"href":"https:\/\/maler-liphardt.de\/index.php?rest_route=\/wp\/v2\/types\/page"}],"author":[{"embeddable":true,"href":"https:\/\/maler-liphardt.de\/index.php?rest_route=\/wp\/v2\/users\/1"}],"replies":[{"embeddable":true,"href":"https:\/\/maler-liphardt.de\/index.php?rest_route=%2Fwp%2Fv2%2Fcomments&post=150"}],"version-history":[{"count":53,"href":"https:\/\/maler-liphardt.de\/index.php?rest_route=\/wp\/v2\/pages\/150\/revisions"}],"predecessor-version":[{"id":516,"href":"https:\/\/maler-liphardt.de\/index.php?rest_route=\/wp\/v2\/pages\/150\/revisions\/516"}],"wp:attachment":[{"href":"https:\/\/maler-liphardt.de\/index.php?rest_route=%2Fwp%2Fv2%2Fmedia&parent=150"}],"curies":[{"name":"wp","href":"https:\/\/api.w.org\/{rel}","templated":true}]}}