{"id":32,"date":"2017-01-04T18:49:35","date_gmt":"2017-01-04T18:49:35","guid":{"rendered":"http:\/\/localhost:8000\/wordpress\/?page_id=32"},"modified":"2017-11-27T16:35:13","modified_gmt":"2017-11-27T16:35:13","slug":"service-plus","status":"publish","type":"page","link":"http:\/\/maler-liphardt.de\/?page_id=32","title":{"rendered":"Service Plus"},"content":{"rendered":"<h1 style=\"text-align: center;\">\u00a0Stehen Maler- und Tapezierarbeiten in ihren Wohnr\u00e4umen an?<\/h1>\n<h2 style=\"text-align: center;\">Bedeutet das Staub, Dreck, Aufwand und M\u00fche f\u00fcr Sie?<\/h2>\n<h2 style=\"text-align: center;\">Der Maler ist weg, nun geht die Arbeit f\u00fcr Sie los?<\/h2>\n<h2 style=\"text-align: center;\">So muss es nicht werden. Es geh\u00f6rte schon immer zu unserer Arbeitsweise, m\u00f6glichst wenig Schmutz und Staub zu verursachen und den Arbeitsort sauber zu hinterlassen.<\/h2>\n<h2 style=\"text-align: center;\">Aber nun haben wir diesen Gedanken ausgeweitet:<\/h2>\n<h2 style=\"text-align: center;\"><strong>Alles was rund um die Renovierung anf\u00e4llt kann von uns erledigt werden!<\/strong><\/h2>\n<div class=\"service-plus\"><img loading=\"lazy\" decoding=\"async\" class=\"service-plus\" src=\"http:\/\/www.maler-liphardt.de\/wp-content\/uploads\/2017\/01\/gardine-aufhangen.png\" alt=\"\" width=\"448\" height=\"576\" \/><\/div>\n<ul class=\"angebot\">\n<li>Bilder, Lampen und Gardinen abh\u00e4ngen und aufh\u00e4ngen.<\/li>\n<li>Das Mobiliar sch\u00fctzen und auch beiseite r\u00fccken.<\/li>\n<li>Gardinen waschen.<\/li>\n<li>Fenster putzen.<\/li>\n<li>Fu\u00dfb\u00f6den reinigen.<\/li>\n<li>Teppiche auslegen.<\/li>\n<li>Abf\u00e4lle entsorgen.<\/li>\n<\/ul>\n<h2 style=\"text-align: center;\">Sie suchen Farben und Tapeten aus, alles \u00dcbrige erledigen wir f\u00fcr Sie. Unsere Mitarbeiter gehen gern auf Ihre W\u00fcnsche und Bed\u00fcrfnisse ein.<\/h2>\n<h2 style=\"text-align: center;\">Je nach Ihrem Wunsch werden die Arbeiten komplett \u00fcbernommen, oder die umsichtigen Mitarbeiter stehen Ihnen unterst\u00fctzend zur Seite.<\/h2>\n<h2 style=\"text-align: center;\"><\/h2>\n","protected":false},"excerpt":{"rendered":"<p>\u00a0Stehen Maler- und Tapezierarbeiten in ihren Wohnr\u00e4umen an? Bedeutet das Staub, Dreck, Aufwand und M\u00fche f\u00fcr Sie? Der Maler ist weg, nun geht die Arbeit f\u00fcr Sie los? So muss es nicht werden. Es geh\u00f6rte schon immer zu unserer Arbeitsweise, m\u00f6glichst wenig Schmutz und Staub zu verursachen und den Arbeitsort sauber zu hinterlassen. Aber nun [&hellip;]<\/p>\n","protected":false},"author":1,"featured_media":0,"parent":0,"menu_order":0,"comment_status":"closed","ping_status":"closed","template":"","meta":{"footnotes":""},"class_list":["post-32","page","type-page","status-publish","hentry"],"yoast_head":"<!-- This site is optimized with the Yoast SEO plugin v24.5 - https:\/\/yoast.com\/wordpress\/plugins\/seo\/ -->\n<title>Service Plus zum Winterpreis - Malermeister Manfred Liphardt<\/title>\n<meta name=\"description\" content=\"Bedeutet das Staub, Dreck, Aufwand und M\u00fche f\u00fcr sie? Der Maler ist weg, nun geht die Arbeit f\u00fcr sie los? So muss es nicht werden!\" \/>\n<meta name=\"robots\" content=\"index, follow, max-snippet:-1, max-image-preview:large, max-video-preview:-1\" \/>\n<link rel=\"canonical\" href=\"https:\/\/maler-liphardt.de\/?page_id=32\" \/>\n<meta property=\"og:locale\" content=\"en_US\" \/>\n<meta property=\"og:type\" content=\"article\" \/>\n<meta property=\"og:title\" content=\"Service Plus zum Winterpreis - Malermeister Manfred Liphardt\" \/>\n<meta property=\"og:description\" content=\"Bedeutet das Staub, Dreck, Aufwand und M\u00fche f\u00fcr sie? Der Maler ist weg, nun geht die Arbeit f\u00fcr sie los? So muss es nicht werden!\" \/>\n<meta property=\"og:url\" content=\"https:\/\/maler-liphardt.de\/?page_id=32\" \/>\n<meta property=\"og:site_name\" content=\"Malermeister Manfred Liphardt\" \/>\n<meta property=\"article:modified_time\" content=\"2017-11-27T16:35:13+00:00\" \/>\n<meta property=\"og:image\" content=\"http:\/\/www.maler-liphardt.de\/wp-content\/uploads\/2017\/01\/gardine-aufhangen.png\" \/>\n<meta name=\"twitter:card\" content=\"summary_large_image\" \/>\n<meta name=\"twitter:label1\" content=\"Est. reading time\" \/>\n\t<meta name=\"twitter:data1\" content=\"1 minute\" \/>\n<script type=\"application\/ld+json\" class=\"yoast-schema-graph\">{\"@context\":\"https:\/\/schema.org\",\"@graph\":[{\"@type\":\"WebPage\",\"@id\":\"https:\/\/maler-liphardt.de\/?page_id=32\",\"url\":\"https:\/\/maler-liphardt.de\/?page_id=32\",\"name\":\"Service Plus zum Winterpreis - Malermeister Manfred Liphardt\",\"isPartOf\":{\"@id\":\"https:\/\/maler-liphardt.de\/#website\"},\"primaryImageOfPage\":{\"@id\":\"https:\/\/maler-liphardt.de\/?page_id=32#primaryimage\"},\"image\":{\"@id\":\"https:\/\/maler-liphardt.de\/?page_id=32#primaryimage\"},\"thumbnailUrl\":\"http:\/\/www.maler-liphardt.de\/wp-content\/uploads\/2017\/01\/gardine-aufhangen.png\",\"datePublished\":\"2017-01-04T18:49:35+00:00\",\"dateModified\":\"2017-11-27T16:35:13+00:00\",\"description\":\"Bedeutet das Staub, Dreck, Aufwand und M\u00fche f\u00fcr sie? Der Maler ist weg, nun geht die Arbeit f\u00fcr sie los? So muss es nicht werden!\",\"breadcrumb\":{\"@id\":\"https:\/\/maler-liphardt.de\/?page_id=32#breadcrumb\"},\"inLanguage\":\"en-US\",\"potentialAction\":[{\"@type\":\"ReadAction\",\"target\":[\"https:\/\/maler-liphardt.de\/?page_id=32\"]}]},{\"@type\":\"ImageObject\",\"inLanguage\":\"en-US\",\"@id\":\"https:\/\/maler-liphardt.de\/?page_id=32#primaryimage\",\"url\":\"http:\/\/www.maler-liphardt.de\/wp-content\/uploads\/2017\/01\/gardine-aufhangen.png\",\"contentUrl\":\"http:\/\/www.maler-liphardt.de\/wp-content\/uploads\/2017\/01\/gardine-aufhangen.png\"},{\"@type\":\"BreadcrumbList\",\"@id\":\"https:\/\/maler-liphardt.de\/?page_id=32#breadcrumb\",\"itemListElement\":[{\"@type\":\"ListItem\",\"position\":1,\"name\":\"Home\",\"item\":\"https:\/\/maler-liphardt.de\/\"},{\"@type\":\"ListItem\",\"position\":2,\"name\":\"Service Plus\"}]},{\"@type\":\"WebSite\",\"@id\":\"https:\/\/maler-liphardt.de\/#website\",\"url\":\"https:\/\/maler-liphardt.de\/\",\"name\":\"Malermeister Manfred Liphardt\",\"description\":\"\",\"publisher\":{\"@id\":\"https:\/\/maler-liphardt.de\/#organization\"},\"potentialAction\":[{\"@type\":\"SearchAction\",\"target\":{\"@type\":\"EntryPoint\",\"urlTemplate\":\"https:\/\/maler-liphardt.de\/?s={search_term_string}\"},\"query-input\":{\"@type\":\"PropertyValueSpecification\",\"valueRequired\":true,\"valueName\":\"search_term_string\"}}],\"inLanguage\":\"en-US\"},{\"@type\":\"Organization\",\"@id\":\"https:\/\/maler-liphardt.de\/#organization\",\"name\":\"Malermeister Manfred Liphardt\",\"url\":\"https:\/\/maler-liphardt.de\/\",\"logo\":{\"@type\":\"ImageObject\",\"inLanguage\":\"en-US\",\"@id\":\"https:\/\/maler-liphardt.de\/#\/schema\/logo\/image\/\",\"url\":\"https:\/\/maler-liphardt.de\/wp-content\/uploads\/2017\/01\/Liphardt-Logo-03-1.png\",\"contentUrl\":\"https:\/\/maler-liphardt.de\/wp-content\/uploads\/2017\/01\/Liphardt-Logo-03-1.png\",\"width\":1890,\"height\":1181,\"caption\":\"Malermeister Manfred Liphardt\"},\"image\":{\"@id\":\"https:\/\/maler-liphardt.de\/#\/schema\/logo\/image\/\"}}]}<\/script>\n<!-- \/ Yoast SEO plugin. -->","yoast_head_json":{"title":"Service Plus zum Winterpreis - Malermeister Manfred Liphardt","description":"Bedeutet das Staub, Dreck, Aufwand und M\u00fche f\u00fcr sie? Der Maler ist weg, nun geht die Arbeit f\u00fcr sie los? So muss es nicht werden!","robots":{"index":"index","follow":"follow","max-snippet":"max-snippet:-1","max-image-preview":"max-image-preview:large","max-video-preview":"max-video-preview:-1"},"canonical":"https:\/\/maler-liphardt.de\/?page_id=32","og_locale":"en_US","og_type":"article","og_title":"Service Plus zum Winterpreis - Malermeister Manfred Liphardt","og_description":"Bedeutet das Staub, Dreck, Aufwand und M\u00fche f\u00fcr sie? Der Maler ist weg, nun geht die Arbeit f\u00fcr sie los? So muss es nicht werden!","og_url":"https:\/\/maler-liphardt.de\/?page_id=32","og_site_name":"Malermeister Manfred Liphardt","article_modified_time":"2017-11-27T16:35:13+00:00","og_image":[{"url":"http:\/\/www.maler-liphardt.de\/wp-content\/uploads\/2017\/01\/gardine-aufhangen.png","type":"","width":"","height":""}],"twitter_card":"summary_large_image","twitter_misc":{"Est. reading time":"1 minute"},"schema":{"@context":"https:\/\/schema.org","@graph":[{"@type":"WebPage","@id":"https:\/\/maler-liphardt.de\/?page_id=32","url":"https:\/\/maler-liphardt.de\/?page_id=32","name":"Service Plus zum Winterpreis - Malermeister Manfred Liphardt","isPartOf":{"@id":"https:\/\/maler-liphardt.de\/#website"},"primaryImageOfPage":{"@id":"https:\/\/maler-liphardt.de\/?page_id=32#primaryimage"},"image":{"@id":"https:\/\/maler-liphardt.de\/?page_id=32#primaryimage"},"thumbnailUrl":"http:\/\/www.maler-liphardt.de\/wp-content\/uploads\/2017\/01\/gardine-aufhangen.png","datePublished":"2017-01-04T18:49:35+00:00","dateModified":"2017-11-27T16:35:13+00:00","description":"Bedeutet das Staub, Dreck, Aufwand und M\u00fche f\u00fcr sie? Der Maler ist weg, nun geht die Arbeit f\u00fcr sie los? So muss es nicht werden!","breadcrumb":{"@id":"https:\/\/maler-liphardt.de\/?page_id=32#breadcrumb"},"inLanguage":"en-US","potentialAction":[{"@type":"ReadAction","target":["https:\/\/maler-liphardt.de\/?page_id=32"]}]},{"@type":"ImageObject","inLanguage":"en-US","@id":"https:\/\/maler-liphardt.de\/?page_id=32#primaryimage","url":"http:\/\/www.maler-liphardt.de\/wp-content\/uploads\/2017\/01\/gardine-aufhangen.png","contentUrl":"http:\/\/www.maler-liphardt.de\/wp-content\/uploads\/2017\/01\/gardine-aufhangen.png"},{"@type":"BreadcrumbList","@id":"https:\/\/maler-liphardt.de\/?page_id=32#breadcrumb","itemListElement":[{"@type":"ListItem","position":1,"name":"Home","item":"https:\/\/maler-liphardt.de\/"},{"@type":"ListItem","position":2,"name":"Service Plus"}]},{"@type":"WebSite","@id":"https:\/\/maler-liphardt.de\/#website","url":"https:\/\/maler-liphardt.de\/","name":"Malermeister Manfred Liphardt","description":"","publisher":{"@id":"https:\/\/maler-liphardt.de\/#organization"},"potentialAction":[{"@type":"SearchAction","target":{"@type":"EntryPoint","urlTemplate":"https:\/\/maler-liphardt.de\/?s={search_term_string}"},"query-input":{"@type":"PropertyValueSpecification","valueRequired":true,"valueName":"search_term_string"}}],"inLanguage":"en-US"},{"@type":"Organization","@id":"https:\/\/maler-liphardt.de\/#organization","name":"Malermeister Manfred Liphardt","url":"https:\/\/maler-liphardt.de\/","logo":{"@type":"ImageObject","inLanguage":"en-US","@id":"https:\/\/maler-liphardt.de\/#\/schema\/logo\/image\/","url":"https:\/\/maler-liphardt.de\/wp-content\/uploads\/2017\/01\/Liphardt-Logo-03-1.png","contentUrl":"https:\/\/maler-liphardt.de\/wp-content\/uploads\/2017\/01\/Liphardt-Logo-03-1.png","width":1890,"height":1181,"caption":"Malermeister Manfred Liphardt"},"image":{"@id":"https:\/\/maler-liphardt.de\/#\/schema\/logo\/image\/"}}]}},"_links":{"self":[{"href":"http:\/\/maler-liphardt.de\/index.php?rest_route=\/wp\/v2\/pages\/32","targetHints":{"allow":["GET"]}}],"collection":[{"href":"http:\/\/maler-liphardt.de\/index.php?rest_route=\/wp\/v2\/pages"}],"about":[{"href":"http:\/\/maler-liphardt.de\/index.php?rest_route=\/wp\/v2\/types\/page"}],"author":[{"embeddable":true,"href":"http:\/\/maler-liphardt.de\/index.php?rest_route=\/wp\/v2\/users\/1"}],"replies":[{"embeddable":true,"href":"http:\/\/maler-liphardt.de\/index.php?rest_route=%2Fwp%2Fv2%2Fcomments&post=32"}],"version-history":[{"count":85,"href":"http:\/\/maler-liphardt.de\/index.php?rest_route=\/wp\/v2\/pages\/32\/revisions"}],"predecessor-version":[{"id":535,"href":"http:\/\/maler-liphardt.de\/index.php?rest_route=\/wp\/v2\/pages\/32\/revisions\/535"}],"wp:attachment":[{"href":"http:\/\/maler-liphardt.de\/index.php?rest_route=%2Fwp%2Fv2%2Fmedia&parent=32"}],"curies":[{"name":"wp","href":"https:\/\/api.w.org\/{rel}","templated":true}]}}