{"id":152,"date":"2017-02-20T11:19:26","date_gmt":"2017-02-20T11:19:26","guid":{"rendered":"http:\/\/localhost:8000\/wordpress\/?page_id=152"},"modified":"2017-04-25T17:10:54","modified_gmt":"2017-04-25T17:10:54","slug":"warmedammung","status":"publish","type":"page","link":"http:\/\/maler-liphardt.de\/?page_id=152","title":{"rendered":"W\u00e4rmed\u00e4mmung"},"content":{"rendered":"<h1 style=\"text-align: center;\">W\u00e4rmed\u00e4mmung<\/h1>\n<p style=\"text-align: center;\"><img loading=\"lazy\" decoding=\"async\" class=\"alignnone wp-image-502\" src=\"http:\/\/www.maler-liphardt.de\/wp-content\/uploads\/2017\/02\/DSCN4607-WDVS-e1493039836469-1024x791.jpg\" alt=\"\" width=\"800\" height=\"618\" srcset=\"http:\/\/maler-liphardt.de\/wp-content\/uploads\/2017\/02\/DSCN4607-WDVS-e1493039836469-1024x791.jpg 1024w, http:\/\/maler-liphardt.de\/wp-content\/uploads\/2017\/02\/DSCN4607-WDVS-e1493039836469-300x232.jpg 300w, http:\/\/maler-liphardt.de\/wp-content\/uploads\/2017\/02\/DSCN4607-WDVS-e1493039836469-768x593.jpg 768w\" sizes=\"auto, (max-width: 800px) 100vw, 800px\" \/><\/p>\n<h2 style=\"text-align: center;\">Energiekosten senken durch Fassadend\u00e4mmung und Geschossdeckend\u00e4mmung!<\/h2>\n<h2 style=\"text-align: center;\">Ihr Haus soll nicht unn\u00f6tig W\u00e4rme verlieren. Dabei kann der Malermeister helfen.<\/h2>\n<h2 style=\"text-align: center;\">Wir f\u00fchren Fassadend\u00e4mmung aus, die sp\u00fcrbar die Heizkosten senken.<\/h2>\n<h2 style=\"text-align: center;\">Es gibt verschiedene Systeme mit unterschiedlichen Materialien. Von der\u00a0<strong>Holzfaser<\/strong> \u00fcber die\u00a0<strong>Mineralwolle<\/strong> zum\u00a0<strong>Styropor<\/strong>.<\/h2>\n<h2 style=\"text-align: center;\">Wenn Sie sich f\u00fcr ein W\u00e4rmed\u00e4mmverbundsystem entscheiden, verbinden Sie das N\u00fctzliche mit dem Sch\u00f6nen und werten durch eine neue Fassadengestaltung Ihr Geb\u00e4ude auch optisch auf.<\/h2>\n<h2 style=\"text-align: center;\">Eine schnell und ohne gro\u00dfen Aufwand zu realisierende Energiesparma\u00dfnahme ist die Geschossdeckend\u00e4mmung auf dem unbewohnten Dachboden oder im Keller.<\/h2>\n<h2 style=\"text-align: center;\"><img loading=\"lazy\" decoding=\"async\" class=\"alignnone wp-image-392\" src=\"http:\/\/www.maler-liphardt.de\/wp-content\/uploads\/2017\/02\/pexels-photo-333649-1024x681.jpeg\" alt=\"\" width=\"653\" height=\"434\" srcset=\"http:\/\/maler-liphardt.de\/wp-content\/uploads\/2017\/02\/pexels-photo-333649-1024x681.jpeg 1024w, http:\/\/maler-liphardt.de\/wp-content\/uploads\/2017\/02\/pexels-photo-333649-300x199.jpeg 300w, http:\/\/maler-liphardt.de\/wp-content\/uploads\/2017\/02\/pexels-photo-333649-768x511.jpeg 768w\" sizes=\"auto, (max-width: 653px) 100vw, 653px\" \/><\/h2>\n<h2 style=\"text-align: center;\">Auf dem Dachboden lassen sich begehbare D\u00e4mmplatten verlegen, so dass dieser auch weiter als Abstellfl\u00e4che genutzt werden kann.<\/h2>\n<h2 style=\"text-align: center;\">Diese Arbeiten lassen sich witterungsunabh\u00e4ngig auch in der kalten Jahreszeit ausf\u00fchren.<\/h2>\n<h2 style=\"text-align: center;\">Selbstverst\u00e4ndlich gilt auch hierf\u00fcr unser<\/h2>\n<h2 class=\"winter\" style=\"text-align: center;\">***\u00a0Winterpreis ***<\/h2>\n<h2 style=\"text-align: center;\">f\u00fcr die Zeit von November bis M\u00e4rz.<\/h2>\n","protected":false},"excerpt":{"rendered":"<p>W\u00e4rmed\u00e4mmung Energiekosten senken durch Fassadend\u00e4mmung und Geschossdeckend\u00e4mmung! Ihr Haus soll nicht unn\u00f6tig W\u00e4rme verlieren. Dabei kann der Malermeister helfen. Wir f\u00fchren Fassadend\u00e4mmung aus, die sp\u00fcrbar die Heizkosten senken. Es gibt verschiedene Systeme mit unterschiedlichen Materialien. Von der\u00a0Holzfaser \u00fcber die\u00a0Mineralwolle zum\u00a0Styropor. Wenn Sie sich f\u00fcr ein W\u00e4rmed\u00e4mmverbundsystem entscheiden, verbinden Sie das N\u00fctzliche mit dem Sch\u00f6nen und [&hellip;]<\/p>\n","protected":false},"author":1,"featured_media":0,"parent":0,"menu_order":0,"comment_status":"closed","ping_status":"closed","template":"","meta":{"footnotes":""},"class_list":["post-152","page","type-page","status-publish","hentry"],"yoast_head":"<!-- This site is optimized with the Yoast SEO plugin v24.5 - https:\/\/yoast.com\/wordpress\/plugins\/seo\/ -->\n<title>W\u00e4rmed\u00e4mmung - Malermeister Manfred Liphardt<\/title>\n<meta name=\"description\" content=\"Energiekosten senken durch Fassadend\u00e4mmung und Geschossdeckend\u00e4mmung! Ihr Haus soll nicht unn\u00f6tig W\u00e4rme verlieren.\" \/>\n<meta name=\"robots\" content=\"index, follow, max-snippet:-1, max-image-preview:large, max-video-preview:-1\" \/>\n<link rel=\"canonical\" href=\"https:\/\/maler-liphardt.de\/?page_id=152\" \/>\n<meta property=\"og:locale\" content=\"en_US\" \/>\n<meta property=\"og:type\" content=\"article\" \/>\n<meta property=\"og:title\" content=\"W\u00e4rmed\u00e4mmung - Malermeister Manfred Liphardt\" \/>\n<meta property=\"og:description\" content=\"Energiekosten senken durch Fassadend\u00e4mmung und Geschossdeckend\u00e4mmung! Ihr Haus soll nicht unn\u00f6tig W\u00e4rme verlieren.\" \/>\n<meta property=\"og:url\" content=\"https:\/\/maler-liphardt.de\/?page_id=152\" \/>\n<meta property=\"og:site_name\" content=\"Malermeister Manfred Liphardt\" \/>\n<meta property=\"article:modified_time\" content=\"2017-04-25T17:10:54+00:00\" \/>\n<meta property=\"og:image\" content=\"http:\/\/www.maler-liphardt.de\/wp-content\/uploads\/2017\/02\/DSCN4607-WDVS-e1493039836469-1024x791.jpg\" \/>\n<meta name=\"twitter:card\" content=\"summary_large_image\" \/>\n<meta name=\"twitter:label1\" content=\"Est. reading time\" \/>\n\t<meta name=\"twitter:data1\" content=\"1 minute\" \/>\n<script type=\"application\/ld+json\" class=\"yoast-schema-graph\">{\"@context\":\"https:\/\/schema.org\",\"@graph\":[{\"@type\":\"WebPage\",\"@id\":\"https:\/\/maler-liphardt.de\/?page_id=152\",\"url\":\"https:\/\/maler-liphardt.de\/?page_id=152\",\"name\":\"W\u00e4rmed\u00e4mmung - Malermeister Manfred Liphardt\",\"isPartOf\":{\"@id\":\"https:\/\/maler-liphardt.de\/#website\"},\"primaryImageOfPage\":{\"@id\":\"https:\/\/maler-liphardt.de\/?page_id=152#primaryimage\"},\"image\":{\"@id\":\"https:\/\/maler-liphardt.de\/?page_id=152#primaryimage\"},\"thumbnailUrl\":\"http:\/\/www.maler-liphardt.de\/wp-content\/uploads\/2017\/02\/DSCN4607-WDVS-e1493039836469-1024x791.jpg\",\"datePublished\":\"2017-02-20T11:19:26+00:00\",\"dateModified\":\"2017-04-25T17:10:54+00:00\",\"description\":\"Energiekosten senken durch Fassadend\u00e4mmung und Geschossdeckend\u00e4mmung! Ihr Haus soll nicht unn\u00f6tig W\u00e4rme verlieren.\",\"breadcrumb\":{\"@id\":\"https:\/\/maler-liphardt.de\/?page_id=152#breadcrumb\"},\"inLanguage\":\"en-US\",\"potentialAction\":[{\"@type\":\"ReadAction\",\"target\":[\"https:\/\/maler-liphardt.de\/?page_id=152\"]}]},{\"@type\":\"ImageObject\",\"inLanguage\":\"en-US\",\"@id\":\"https:\/\/maler-liphardt.de\/?page_id=152#primaryimage\",\"url\":\"http:\/\/www.maler-liphardt.de\/wp-content\/uploads\/2017\/02\/DSCN4607-WDVS-e1493039836469-1024x791.jpg\",\"contentUrl\":\"http:\/\/www.maler-liphardt.de\/wp-content\/uploads\/2017\/02\/DSCN4607-WDVS-e1493039836469-1024x791.jpg\"},{\"@type\":\"BreadcrumbList\",\"@id\":\"https:\/\/maler-liphardt.de\/?page_id=152#breadcrumb\",\"itemListElement\":[{\"@type\":\"ListItem\",\"position\":1,\"name\":\"Home\",\"item\":\"https:\/\/maler-liphardt.de\/\"},{\"@type\":\"ListItem\",\"position\":2,\"name\":\"W\u00e4rmed\u00e4mmung\"}]},{\"@type\":\"WebSite\",\"@id\":\"https:\/\/maler-liphardt.de\/#website\",\"url\":\"https:\/\/maler-liphardt.de\/\",\"name\":\"Malermeister Manfred Liphardt\",\"description\":\"\",\"publisher\":{\"@id\":\"https:\/\/maler-liphardt.de\/#organization\"},\"potentialAction\":[{\"@type\":\"SearchAction\",\"target\":{\"@type\":\"EntryPoint\",\"urlTemplate\":\"https:\/\/maler-liphardt.de\/?s={search_term_string}\"},\"query-input\":{\"@type\":\"PropertyValueSpecification\",\"valueRequired\":true,\"valueName\":\"search_term_string\"}}],\"inLanguage\":\"en-US\"},{\"@type\":\"Organization\",\"@id\":\"https:\/\/maler-liphardt.de\/#organization\",\"name\":\"Malermeister Manfred Liphardt\",\"url\":\"https:\/\/maler-liphardt.de\/\",\"logo\":{\"@type\":\"ImageObject\",\"inLanguage\":\"en-US\",\"@id\":\"https:\/\/maler-liphardt.de\/#\/schema\/logo\/image\/\",\"url\":\"https:\/\/maler-liphardt.de\/wp-content\/uploads\/2017\/01\/Liphardt-Logo-03-1.png\",\"contentUrl\":\"https:\/\/maler-liphardt.de\/wp-content\/uploads\/2017\/01\/Liphardt-Logo-03-1.png\",\"width\":1890,\"height\":1181,\"caption\":\"Malermeister Manfred Liphardt\"},\"image\":{\"@id\":\"https:\/\/maler-liphardt.de\/#\/schema\/logo\/image\/\"}}]}<\/script>\n<!-- \/ Yoast SEO plugin. -->","yoast_head_json":{"title":"W\u00e4rmed\u00e4mmung - Malermeister Manfred Liphardt","description":"Energiekosten senken durch Fassadend\u00e4mmung und Geschossdeckend\u00e4mmung! Ihr Haus soll nicht unn\u00f6tig W\u00e4rme verlieren.","robots":{"index":"index","follow":"follow","max-snippet":"max-snippet:-1","max-image-preview":"max-image-preview:large","max-video-preview":"max-video-preview:-1"},"canonical":"https:\/\/maler-liphardt.de\/?page_id=152","og_locale":"en_US","og_type":"article","og_title":"W\u00e4rmed\u00e4mmung - Malermeister Manfred Liphardt","og_description":"Energiekosten senken durch Fassadend\u00e4mmung und Geschossdeckend\u00e4mmung! Ihr Haus soll nicht unn\u00f6tig W\u00e4rme verlieren.","og_url":"https:\/\/maler-liphardt.de\/?page_id=152","og_site_name":"Malermeister Manfred Liphardt","article_modified_time":"2017-04-25T17:10:54+00:00","og_image":[{"url":"http:\/\/www.maler-liphardt.de\/wp-content\/uploads\/2017\/02\/DSCN4607-WDVS-e1493039836469-1024x791.jpg","type":"","width":"","height":""}],"twitter_card":"summary_large_image","twitter_misc":{"Est. reading time":"1 minute"},"schema":{"@context":"https:\/\/schema.org","@graph":[{"@type":"WebPage","@id":"https:\/\/maler-liphardt.de\/?page_id=152","url":"https:\/\/maler-liphardt.de\/?page_id=152","name":"W\u00e4rmed\u00e4mmung - Malermeister Manfred Liphardt","isPartOf":{"@id":"https:\/\/maler-liphardt.de\/#website"},"primaryImageOfPage":{"@id":"https:\/\/maler-liphardt.de\/?page_id=152#primaryimage"},"image":{"@id":"https:\/\/maler-liphardt.de\/?page_id=152#primaryimage"},"thumbnailUrl":"http:\/\/www.maler-liphardt.de\/wp-content\/uploads\/2017\/02\/DSCN4607-WDVS-e1493039836469-1024x791.jpg","datePublished":"2017-02-20T11:19:26+00:00","dateModified":"2017-04-25T17:10:54+00:00","description":"Energiekosten senken durch Fassadend\u00e4mmung und Geschossdeckend\u00e4mmung! Ihr Haus soll nicht unn\u00f6tig W\u00e4rme verlieren.","breadcrumb":{"@id":"https:\/\/maler-liphardt.de\/?page_id=152#breadcrumb"},"inLanguage":"en-US","potentialAction":[{"@type":"ReadAction","target":["https:\/\/maler-liphardt.de\/?page_id=152"]}]},{"@type":"ImageObject","inLanguage":"en-US","@id":"https:\/\/maler-liphardt.de\/?page_id=152#primaryimage","url":"http:\/\/www.maler-liphardt.de\/wp-content\/uploads\/2017\/02\/DSCN4607-WDVS-e1493039836469-1024x791.jpg","contentUrl":"http:\/\/www.maler-liphardt.de\/wp-content\/uploads\/2017\/02\/DSCN4607-WDVS-e1493039836469-1024x791.jpg"},{"@type":"BreadcrumbList","@id":"https:\/\/maler-liphardt.de\/?page_id=152#breadcrumb","itemListElement":[{"@type":"ListItem","position":1,"name":"Home","item":"https:\/\/maler-liphardt.de\/"},{"@type":"ListItem","position":2,"name":"W\u00e4rmed\u00e4mmung"}]},{"@type":"WebSite","@id":"https:\/\/maler-liphardt.de\/#website","url":"https:\/\/maler-liphardt.de\/","name":"Malermeister Manfred Liphardt","description":"","publisher":{"@id":"https:\/\/maler-liphardt.de\/#organization"},"potentialAction":[{"@type":"SearchAction","target":{"@type":"EntryPoint","urlTemplate":"https:\/\/maler-liphardt.de\/?s={search_term_string}"},"query-input":{"@type":"PropertyValueSpecification","valueRequired":true,"valueName":"search_term_string"}}],"inLanguage":"en-US"},{"@type":"Organization","@id":"https:\/\/maler-liphardt.de\/#organization","name":"Malermeister Manfred Liphardt","url":"https:\/\/maler-liphardt.de\/","logo":{"@type":"ImageObject","inLanguage":"en-US","@id":"https:\/\/maler-liphardt.de\/#\/schema\/logo\/image\/","url":"https:\/\/maler-liphardt.de\/wp-content\/uploads\/2017\/01\/Liphardt-Logo-03-1.png","contentUrl":"https:\/\/maler-liphardt.de\/wp-content\/uploads\/2017\/01\/Liphardt-Logo-03-1.png","width":1890,"height":1181,"caption":"Malermeister Manfred Liphardt"},"image":{"@id":"https:\/\/maler-liphardt.de\/#\/schema\/logo\/image\/"}}]}},"_links":{"self":[{"href":"http:\/\/maler-liphardt.de\/index.php?rest_route=\/wp\/v2\/pages\/152","targetHints":{"allow":["GET"]}}],"collection":[{"href":"http:\/\/maler-liphardt.de\/index.php?rest_route=\/wp\/v2\/pages"}],"about":[{"href":"http:\/\/maler-liphardt.de\/index.php?rest_route=\/wp\/v2\/types\/page"}],"author":[{"embeddable":true,"href":"http:\/\/maler-liphardt.de\/index.php?rest_route=\/wp\/v2\/users\/1"}],"replies":[{"embeddable":true,"href":"http:\/\/maler-liphardt.de\/index.php?rest_route=%2Fwp%2Fv2%2Fcomments&post=152"}],"version-history":[{"count":24,"href":"http:\/\/maler-liphardt.de\/index.php?rest_route=\/wp\/v2\/pages\/152\/revisions"}],"predecessor-version":[{"id":529,"href":"http:\/\/maler-liphardt.de\/index.php?rest_route=\/wp\/v2\/pages\/152\/revisions\/529"}],"wp:attachment":[{"href":"http:\/\/maler-liphardt.de\/index.php?rest_route=%2Fwp%2Fv2%2Fmedia&parent=152"}],"curies":[{"name":"wp","href":"https:\/\/api.w.org\/{rel}","templated":true}]}}